{"id":3388,"date":"2022-12-06T13:05:13","date_gmt":"2022-12-06T16:05:13","guid":{"rendered":"https:\/\/novo.antlia.com.br\/?page_id=3388"},"modified":"2022-12-07T17:06:40","modified_gmt":"2022-12-07T20:06:40","slug":"politica-de-privacidade","status":"publish","type":"page","link":"https:\/\/antlia.com.br\/en\/politica-de-privacidade","title":{"rendered":"Pol\u00edtica de privacidade"},"content":{"rendered":"<h1>Pol\u00edtica de privacidade<\/h1>\n<p>&nbsp;<\/p>\n<h3>OBJETIVO<\/h3>\n<p>A Pol\u00edtica de Privacidade (\u201cPol\u00edtica de Privacidade\u201d) ANTLIA foi criada para mostrar o Nosso compromisso em sempre Processar os Seus Dados Pessoais com seguran\u00e7a, privacidade e transpar\u00eancia.<br \/>\nEsta Pol\u00edtica de Privacidade descreve os Dados Pessoais que coletamos, como eles s\u00e3o usados, armazenados e compartilhados e os seus direitos em rela\u00e7\u00e3o a esses Dados Pessoais.<\/p>\n<p>&nbsp;<\/p>\n<h3>INTRODU\u00c7\u00c3O<\/h3>\n<p>Ao preencher o formul\u00e1rio de admiss\u00e3o, voc\u00ea nos fornecer\u00e1 Dados Pessoais para que possamos viabilizar a continuidade do processo de contrata\u00e7\u00e3o. Privacidade, seguran\u00e7a e transpar\u00eancia s\u00e3o valores fundamentais e sempre adotaremos as melhores pr\u00e1ticas para garantir a confidencialidade e integridade dos Seus Dados Pessoais. A utiliza\u00e7\u00e3o de qualquer \u00e1rea do portal ANTLIA est\u00e1 condicionada \u00e0 leitura e concord\u00e2ncia desta Pol\u00edtica de Privacidade. O envio dos dados e acesso a qualquer \u00e1rea do Site, ser\u00e3o interpretados como aceite desta Pol\u00edtica de Privacidade de forma integral.<\/p>\n<p>Ap\u00f3s a leitura desta Pol\u00edtica de Privacidade, se tiver d\u00favidas, reclama\u00e7\u00f5es ou quiser exercer seus direitos relacionados aos Seus Dados Pessoais ou se comunicar conosco sobre esse assunto, voc\u00ea pode nos contatar atrav\u00e9s de nosso e-mail rh@antlia.com.br.<\/p>\n<p>&nbsp;<\/p>\n<h3>DEFINI\u00c7\u00d5ES<\/h3>\n<ol type=\"I\">\n<li>O termo \u201cPlataforma\u201d, \u201cportal\u201d ou \u201csite\u201d se refere ao site antlia.com.br;<\/li>\n<li>O termo \u201cBrowser\u201d significa software criado para possibilitar navega\u00e7\u00e3o na internet;<\/li>\n<li>O termo \u201cCookies\u201d significam pequenas partes de informa\u00e7\u00f5es que s\u00e3o emitidas para um computador ou dispositivo ao visitar um website, que armazena e por vezes rastreia informa\u00e7\u00f5es sobre o uso do Usu\u00e1rio no website;<\/li>\n<li>\u201cConsentimento\u201d significa a manifesta\u00e7\u00e3o livre, informada e inequ\u00edvoca pela qual o titular concorda com o Tratamento de seus dados pessoais para uma finalidade determinada;<\/li>\n<li>\u201cControlador\u201d significa a pessoa natural ou jur\u00eddica, de direito p\u00fablico ou privado, a quem compete as decis\u00f5es referentes ao Tratamento de Dados Pessoais;<\/li>\n<li>\u201cDado Pessoal\u201d significa a informa\u00e7\u00e3o relacionada a pessoa natural identificada ou identific\u00e1vel;<\/li>\n<li>\u201cDado Pessoal Sens\u00edvel\u201d significa o dado pessoal sobre origem racial ou \u00e9tnica, convic\u00e7\u00e3o religiosa, opini\u00e3o pol\u00edtica, filia\u00e7\u00e3o a sindicato ou a organiza\u00e7\u00e3o de car\u00e1ter religioso, filos\u00f3fico ou pol\u00edtico, dado referente \u00e0 sa\u00fade ou \u00e0 vida sexual, dado gen\u00e9tico ou biom\u00e9trico, quando vinculado a uma pessoa natural;<\/li>\n<li>\u201cLei Geral de Prote\u00e7\u00e3o de Dados\u201d ou \u201cLGPD\u201d significa a Lei n\u00ba 13.709, de 14 de agosto de 2018, incluindo suas subsequentes altera\u00e7\u00f5es;<\/li>\n<li>\u201cProcessador\u201d significa pessoa natural ou jur\u00eddica, de direito p\u00fablico ou privado, que realiza o Tratamento de dados pessoais em nome do Controlador;<\/li>\n<li>\u201cTitular dos Dados\u201d significa pessoa natural a quem se referem os dados pessoais que s\u00e3o objeto de Tratamento;<\/li>\n<li>\u201cProcessamento\u201d significa toda opera\u00e7\u00e3o realizada com dados pessoais, como as que se referem a coleta, produ\u00e7\u00e3o, recep\u00e7\u00e3o, classifica\u00e7\u00e3o, utiliza\u00e7\u00e3o, acesso, reprodu\u00e7\u00e3o, transmiss\u00e3o, distribui\u00e7\u00e3o, processamento, arquivamento, armazenamento, elimina\u00e7\u00e3o, avalia\u00e7\u00e3o ou controle da informa\u00e7\u00e3o, modifica\u00e7\u00e3o, comunica\u00e7\u00e3o, transfer\u00eancia, difus\u00e3o ou extra\u00e7\u00e3o.<\/li>\n<\/ol>\n<p>&nbsp;<\/p>\n<h3>AUTORIZA\u00c7\u00d5ES GERAIS<\/h3>\n<p>Ao ler e aceitar esta Pol\u00edtica de Privacidade, desejamos que voc\u00ea saiba com clareza e precis\u00e3o com o que est\u00e1 concordando. Por isso, voc\u00ea declara que sabe e concorda com o seguinte:<\/p>\n<ol type=\"a\">\n<li>Que \u00e9 o Titular dos Dados Pessoais informados conforme preenchimento do \u201cformul\u00e1rio de admiss\u00e3o\u201d;<\/li>\n<li>Que \u00e9 respons\u00e1vel pela veracidade e integridade desses Dados Pessoais e que n\u00e3o alterar\u00e1 a sua identidade ou seus Dados Pessoais de qualquer forma, sujeitando-se \u00e0s medidas legais cab\u00edveis pela viola\u00e7\u00e3o dessas declara\u00e7\u00f5es;<\/li>\n<li>Que voc\u00ea \u00e9 o \u00fanico respons\u00e1vel pelos Dados Pessoais falsos, desatualizados ou imprecisos que forneceu;<\/li>\n<li>Que o RH da ANTLIA poder\u00e1 fazer o processamento de Seus Dados Pessoais como descrito nesta Pol\u00edtica de Privacidade.<\/li>\n<\/ol>\n<p>Ao aceitar os termos desta Pol\u00edtica de Privacidade, voc\u00ea est\u00e1 ciente que a Controladora dos Seus Dados Pessoais, ou seja, a empresa respons\u00e1vel por tomar as decis\u00f5es sobre o Tratamento dos Seus Dados Pessoais ser\u00e1 a ANTLIA.<\/p>\n<p>QUAIS DADOS PESSOAIS COLETAMOS E COMO PROCESSAMOS SEUS DADOS PESSOAIS<\/p>\n<p>N\u00f3s coletamos os Seus Dados Pessoais sempre que voc\u00ea:<\/p>\n<ol type=\"a\">\n<li>Nos forne\u00e7a informa\u00e7\u00f5es ao preencher o formul\u00e1rio de admiss\u00e3o ou qualquer outra informa\u00e7\u00e3o que nos forne\u00e7a via Plataforma\/Portal ou e-mail;<\/li>\n<li>Ao entrar em contato conosco atrav\u00e9s de nosso pelo e-mail rh@antlia.com.br.<\/li>\n<\/ol>\n<p>As pr\u00e1ticas descritas nesta Pol\u00edtica de Privacidade s\u00f3 se aplicam aos Dados Pessoais localizados no Brasil e\/ou Dados Pessoais processados que foram coletados no Brasil, de acordo com as leis locais aplic\u00e1veis, com destaque para a Lei n\u00ba 13.709\/2018 (Lei Geral de Prote\u00e7\u00e3o de Dados Pessoais, ou &#8220;LGPD&#8221;) a partir de sua entrada em vigor.<\/p>\n<p>Esses s\u00e3o os seus Dados Pessoais tratados pela ANTLIA:<\/p>\n<ol type=\"a\">\n<li>Dados Pessoais informados diretamente por voc\u00ea.<\/li>\n<\/ol>\n<p>&nbsp;<\/p>\n<h3>COMPARTILHAMENTO DE SEUS DADOS PESSOAIS<\/h3>\n<p>Considerando que o processamento de Dados Pessoais dos novos colaboradores da ANTLIA tamb\u00e9m \u00e9 de responsabilidade de terceiros, fica, desde j\u00e1, declarado ciente de que os dados compartilhados e processados s\u00e3o exclusivamente para obriga\u00e7\u00f5es legais, como contrato de trabalho, contrato de presta\u00e7\u00e3o de servi\u00e7os e seus anexos;<\/p>\n<ol type=\"a\">\n<li>Considerando que a ANTLIA designa profissionais para atuarem no espa\u00e7o f\u00edsico do cliente, parte dos neg\u00f3cios da empresa, fica, desde j\u00e1, declarado ciente que os dados compartilhados com clientes s\u00e3o para registro de informa\u00e7\u00f5es para atividades a serem exercidas e para acesso ao local de trabalho;<\/li>\n<li>Nossos fornecedores e clientes tratar\u00e3o os Dados Pessoais somente para executar as obriga\u00e7\u00f5es contratuais definidas. Assim, fornecedor e cliente se obrigam a n\u00e3o divulgar e transferir Dados Pessoais, em desconformidade com os termos contratuais, a legisla\u00e7\u00e3o aplic\u00e1vel e sem a ci\u00eancia e pr\u00e9via concord\u00e2ncia do ANTLIA.<\/li>\n<li>O fornecedor e cliente tratar\u00e3o os Dados Pessoais em observ\u00e2ncia a todas as \u201cLeis de Privacidade e Seguran\u00e7a\u201d que tratem sobre o tema de prote\u00e7\u00e3o de Dados Pessoais, em especial a Lei Federal n. 13.709\/2018, bem como eventuais pol\u00edticas e normas internas impostas pelas Partes.<\/li>\n<\/ol>\n<p>&nbsp;<\/p>\n<h3>RETEN\u00c7\u00c3O E EXCLUS\u00c3O DOS SEUS DADOS PESSOAIS<\/h3>\n<p>A ANTLIA manter\u00e1 os Dados Pessoais em um formato que seja pessoalmente identific\u00e1vel, por per\u00edodo n\u00e3o mais do que o necess\u00e1rio para atingir as finalidades ou outros prop\u00f3sitos permitidos para os quais os Dados Pessoais foram obtidos<\/p>\n<p>&nbsp;<\/p>\n<h3>ALTERA\u00c7\u00d5ES NESTA POL\u00cdTICA DE PRIVACIDADE<\/h3>\n<p>A ANTLIA poder\u00e1 alterar esta Pol\u00edtica de Privacidade a qualquer tempo por meio de atualiza\u00e7\u00e3o postada no Site. Sempre que ocorrer qualquer altera\u00e7\u00e3o, voc\u00ea ser\u00e1 comunicado por meio de e-mail enviado para todos os endere\u00e7os de e-mail e\/ou nota de destaque, em forma de pop-up no portal.<\/p>\n<p>&nbsp;<\/p>\n<p>&nbsp;<\/p>","protected":false},"excerpt":{"rendered":"<p>Pol\u00edtica de privacidade &nbsp; OBJETIVO A Pol\u00edtica de Privacidade (\u201cPol\u00edtica de Privacidade\u201d) ANTLIA foi criada para mostrar o Nosso compromisso em sempre Processar os Seus Dados Pessoais com seguran\u00e7a, privacidade e transpar\u00eancia. Esta Pol\u00edtica de Privacidade descreve os Dados Pessoais que coletamos, como eles s\u00e3o usados, armazenados e compartilhados e os seus direitos em rela\u00e7\u00e3o [&hellip;]<\/p>","protected":false},"author":3,"featured_media":0,"parent":0,"menu_order":0,"comment_status":"closed","ping_status":"closed","template":"","meta":{"_jet_sm_ready_style":"","_jet_sm_style":"","_jet_sm_controls_values":"","_jet_sm_fonts_collection":"","_jet_sm_fonts_links":"","footnotes":""},"class_list":["post-3388","page","type-page","status-publish","hentry"],"yoast_head":"<!-- This site is optimized with the Yoast SEO plugin v27.4 - https:\/\/yoast.com\/product\/yoast-seo-wordpress\/ -->\n<title>Pol\u00edtica de privacidade - Antlia<\/title>\n<meta name=\"description\" content=\"Pol\u00edtica de privacidade - Antlia. Agende uma reuni\u00e3o\" \/>\n<meta name=\"robots\" content=\"index, follow, max-snippet:-1, max-image-preview:large, max-video-preview:-1\" \/>\n<link rel=\"canonical\" href=\"https:\/\/antlia.com.br\/en\/politica-de-privacidade\/\" \/>\n<meta property=\"og:locale\" content=\"en_US\" \/>\n<meta property=\"og:type\" content=\"article\" \/>\n<meta property=\"og:title\" content=\"Pol\u00edtica de privacidade - Antlia\" \/>\n<meta property=\"og:description\" content=\"Pol\u00edtica de privacidade - Antlia. Agende uma reuni\u00e3o\" \/>\n<meta property=\"og:url\" content=\"https:\/\/antlia.com.br\/en\/politica-de-privacidade\/\" \/>\n<meta property=\"og:site_name\" content=\"Antlia\" \/>\n<meta property=\"article:publisher\" content=\"https:\/\/www.facebook.com\/antlia.consultoriaetecnologia\/\" \/>\n<meta property=\"article:modified_time\" content=\"2022-12-07T20:06:40+00:00\" \/>\n<meta name=\"twitter:card\" content=\"summary_large_image\" \/>\n<meta name=\"twitter:label1\" content=\"Est. reading time\" \/>\n\t<meta name=\"twitter:data1\" content=\"6 minutes\" \/>\n<script type=\"application\/ld+json\" class=\"yoast-schema-graph\">{\"@context\":\"https:\\\/\\\/schema.org\",\"@graph\":[{\"@type\":\"WebPage\",\"@id\":\"https:\\\/\\\/antlia.com.br\\\/politica-de-privacidade\",\"url\":\"https:\\\/\\\/antlia.com.br\\\/politica-de-privacidade\",\"name\":\"Pol\u00edtica de privacidade - Antlia\",\"isPartOf\":{\"@id\":\"https:\\\/\\\/antlia.com.br\\\/en\\\/#website\"},\"datePublished\":\"2022-12-06T16:05:13+00:00\",\"dateModified\":\"2022-12-07T20:06:40+00:00\",\"description\":\"Pol\u00edtica de privacidade - Antlia. Agende uma reuni\u00e3o\",\"breadcrumb\":{\"@id\":\"https:\\\/\\\/antlia.com.br\\\/politica-de-privacidade#breadcrumb\"},\"inLanguage\":\"en-US\",\"potentialAction\":[{\"@type\":\"ReadAction\",\"target\":[\"https:\\\/\\\/antlia.com.br\\\/politica-de-privacidade\"]}]},{\"@type\":\"BreadcrumbList\",\"@id\":\"https:\\\/\\\/antlia.com.br\\\/politica-de-privacidade#breadcrumb\",\"itemListElement\":[{\"@type\":\"ListItem\",\"position\":1,\"name\":\"In\u00edcio\",\"item\":\"https:\\\/\\\/antlia.com.br\\\/\"},{\"@type\":\"ListItem\",\"position\":2,\"name\":\"Pol\u00edtica de privacidade\"}]},{\"@type\":\"WebSite\",\"@id\":\"https:\\\/\\\/antlia.com.br\\\/en\\\/#website\",\"url\":\"https:\\\/\\\/antlia.com.br\\\/en\\\/\",\"name\":\"Antlia\",\"description\":\"Desenvolvimento de Software e Gamifica\u00e7\u00e3o\",\"publisher\":{\"@id\":\"https:\\\/\\\/antlia.com.br\\\/en\\\/#organization\"},\"potentialAction\":[{\"@type\":\"SearchAction\",\"target\":{\"@type\":\"EntryPoint\",\"urlTemplate\":\"https:\\\/\\\/antlia.com.br\\\/en\\\/?s={search_term_string}\"},\"query-input\":{\"@type\":\"PropertyValueSpecification\",\"valueRequired\":true,\"valueName\":\"search_term_string\"}}],\"inLanguage\":\"en-US\"},{\"@type\":\"Organization\",\"@id\":\"https:\\\/\\\/antlia.com.br\\\/en\\\/#organization\",\"name\":\"Antlia \u2013 Desenvolvimento de Software e Gamifica\u00e7\u00e3o\",\"url\":\"https:\\\/\\\/antlia.com.br\\\/en\\\/\",\"logo\":{\"@type\":\"ImageObject\",\"inLanguage\":\"en-US\",\"@id\":\"https:\\\/\\\/antlia.com.br\\\/en\\\/#\\\/schema\\\/logo\\\/image\\\/\",\"url\":\"https:\\\/\\\/antlia.com.br\\\/wp-content\\\/uploads\\\/2024\\\/05\\\/LOGO_VETOR-01.png\",\"contentUrl\":\"https:\\\/\\\/antlia.com.br\\\/wp-content\\\/uploads\\\/2024\\\/05\\\/LOGO_VETOR-01.png\",\"width\":3508,\"height\":2481,\"caption\":\"Antlia \u2013 Desenvolvimento de Software e Gamifica\u00e7\u00e3o\"},\"image\":{\"@id\":\"https:\\\/\\\/antlia.com.br\\\/en\\\/#\\\/schema\\\/logo\\\/image\\\/\"},\"sameAs\":[\"https:\\\/\\\/www.facebook.com\\\/antlia.consultoriaetecnologia\\\/\",\"https:\\\/\\\/www.linkedin.com\\\/company\\\/antlia_2\\\/\"]}]}<\/script>\n<!-- \/ Yoast SEO plugin. -->","yoast_head_json":{"title":"Pol\u00edtica de privacidade - Antlia","description":"Pol\u00edtica de privacidade - Antlia. Agende uma reuni\u00e3o","robots":{"index":"index","follow":"follow","max-snippet":"max-snippet:-1","max-image-preview":"max-image-preview:large","max-video-preview":"max-video-preview:-1"},"canonical":"https:\/\/antlia.com.br\/en\/politica-de-privacidade\/","og_locale":"en_US","og_type":"article","og_title":"Pol\u00edtica de privacidade - Antlia","og_description":"Pol\u00edtica de privacidade - Antlia. Agende uma reuni\u00e3o","og_url":"https:\/\/antlia.com.br\/en\/politica-de-privacidade\/","og_site_name":"Antlia","article_publisher":"https:\/\/www.facebook.com\/antlia.consultoriaetecnologia\/","article_modified_time":"2022-12-07T20:06:40+00:00","twitter_card":"summary_large_image","twitter_misc":{"Est. reading time":"6 minutes"},"schema":{"@context":"https:\/\/schema.org","@graph":[{"@type":"WebPage","@id":"https:\/\/antlia.com.br\/politica-de-privacidade","url":"https:\/\/antlia.com.br\/politica-de-privacidade","name":"Pol\u00edtica de privacidade - Antlia","isPartOf":{"@id":"https:\/\/antlia.com.br\/en\/#website"},"datePublished":"2022-12-06T16:05:13+00:00","dateModified":"2022-12-07T20:06:40+00:00","description":"Pol\u00edtica de privacidade - Antlia. Agende uma reuni\u00e3o","breadcrumb":{"@id":"https:\/\/antlia.com.br\/politica-de-privacidade#breadcrumb"},"inLanguage":"en-US","potentialAction":[{"@type":"ReadAction","target":["https:\/\/antlia.com.br\/politica-de-privacidade"]}]},{"@type":"BreadcrumbList","@id":"https:\/\/antlia.com.br\/politica-de-privacidade#breadcrumb","itemListElement":[{"@type":"ListItem","position":1,"name":"In\u00edcio","item":"https:\/\/antlia.com.br\/"},{"@type":"ListItem","position":2,"name":"Pol\u00edtica de privacidade"}]},{"@type":"WebSite","@id":"https:\/\/antlia.com.br\/en\/#website","url":"https:\/\/antlia.com.br\/en\/","name":"Antlia","description":"Desenvolvimento de Software e Gamifica\u00e7\u00e3o","publisher":{"@id":"https:\/\/antlia.com.br\/en\/#organization"},"potentialAction":[{"@type":"SearchAction","target":{"@type":"EntryPoint","urlTemplate":"https:\/\/antlia.com.br\/en\/?s={search_term_string}"},"query-input":{"@type":"PropertyValueSpecification","valueRequired":true,"valueName":"search_term_string"}}],"inLanguage":"en-US"},{"@type":"Organization","@id":"https:\/\/antlia.com.br\/en\/#organization","name":"Antlia \u2013 Desenvolvimento de Software e Gamifica\u00e7\u00e3o","url":"https:\/\/antlia.com.br\/en\/","logo":{"@type":"ImageObject","inLanguage":"en-US","@id":"https:\/\/antlia.com.br\/en\/#\/schema\/logo\/image\/","url":"https:\/\/antlia.com.br\/wp-content\/uploads\/2024\/05\/LOGO_VETOR-01.png","contentUrl":"https:\/\/antlia.com.br\/wp-content\/uploads\/2024\/05\/LOGO_VETOR-01.png","width":3508,"height":2481,"caption":"Antlia \u2013 Desenvolvimento de Software e Gamifica\u00e7\u00e3o"},"image":{"@id":"https:\/\/antlia.com.br\/en\/#\/schema\/logo\/image\/"},"sameAs":["https:\/\/www.facebook.com\/antlia.consultoriaetecnologia\/","https:\/\/www.linkedin.com\/company\/antlia_2\/"]}]}},"_links":{"self":[{"href":"https:\/\/antlia.com.br\/en\/wp-json\/wp\/v2\/pages\/3388","targetHints":{"allow":["GET"]}}],"collection":[{"href":"https:\/\/antlia.com.br\/en\/wp-json\/wp\/v2\/pages"}],"about":[{"href":"https:\/\/antlia.com.br\/en\/wp-json\/wp\/v2\/types\/page"}],"author":[{"embeddable":true,"href":"https:\/\/antlia.com.br\/en\/wp-json\/wp\/v2\/users\/3"}],"replies":[{"embeddable":true,"href":"https:\/\/antlia.com.br\/en\/wp-json\/wp\/v2\/comments?post=3388"}],"version-history":[{"count":0,"href":"https:\/\/antlia.com.br\/en\/wp-json\/wp\/v2\/pages\/3388\/revisions"}],"wp:attachment":[{"href":"https:\/\/antlia.com.br\/en\/wp-json\/wp\/v2\/media?parent=3388"}],"curies":[{"name":"wp","href":"https:\/\/api.w.org\/{rel}","templated":true}]}}