{"id":5589,"date":"2024-02-21T15:36:07","date_gmt":"2024-02-21T18:36:07","guid":{"rendered":"https:\/\/novo.antlia.com.br\/?page_id=5589"},"modified":"2024-02-23T16:27:15","modified_gmt":"2024-02-23T19:27:15","slug":"live-ler-e-dort","status":"publish","type":"page","link":"https:\/\/antlia.com.br\/en\/live-ler-e-dort","title":{"rendered":"Live &#8211; Ler e Dort"},"content":{"rendered":"<div data-elementor-type=\"wp-page\" data-elementor-id=\"5589\" class=\"elementor elementor-5589\" data-elementor-post-type=\"page\">\n\t\t\t\t\t\t<section class=\"elementor-section elementor-top-section elementor-element elementor-element-062d839 elementor-section-boxed elementor-section-height-default elementor-section-height-default\" data-id=\"062d839\" data-element_type=\"section\" data-e-type=\"section\" data-settings=\"{&quot;jet_parallax_layout_list&quot;:[]}\">\n\t\t\t\t\t\t<div class=\"elementor-container elementor-column-gap-default\">\n\t\t\t\t\t<div class=\"elementor-column elementor-col-100 elementor-top-column elementor-element elementor-element-20faba4\" data-id=\"20faba4\" data-element_type=\"column\" data-e-type=\"column\">\n\t\t\t<div class=\"elementor-widget-wrap elementor-element-populated\">\n\t\t\t\t\t\t<section class=\"elementor-section elementor-inner-section elementor-element elementor-element-e781b6e elementor-section-boxed elementor-section-height-default elementor-section-height-default\" data-id=\"e781b6e\" data-element_type=\"section\" data-e-type=\"section\" data-settings=\"{&quot;jet_parallax_layout_list&quot;:[]}\">\n\t\t\t\t\t\t<div class=\"elementor-container elementor-column-gap-default\">\n\t\t\t\t\t<div class=\"elementor-column elementor-col-100 elementor-inner-column elementor-element elementor-element-1542c68\" data-id=\"1542c68\" data-element_type=\"column\" data-e-type=\"column\">\n\t\t\t<div class=\"elementor-widget-wrap elementor-element-populated\">\n\t\t\t\t\t\t<div class=\"elementor-element elementor-element-d7ddc0c elementor-widget elementor-widget-image\" data-id=\"d7ddc0c\" data-element_type=\"widget\" data-e-type=\"widget\" data-widget_type=\"image.default\">\n\t\t\t\t<div class=\"elementor-widget-container\">\n\t\t\t\t\t\t\t\t\t\t\t\t\t\t\t\t<a href=\"https:\/\/www.youtube.com\/watch?v=kmpW3_uu3gw\">\n\t\t\t\t\t\t\t<img fetchpriority=\"high\" decoding=\"async\" width=\"1920\" height=\"1080\" src=\"https:\/\/antlia.com.br\/wp-content\/uploads\/2024\/02\/Capa2.png\" class=\"attachment-full size-full wp-image-5591\" alt=\"\" srcset=\"https:\/\/antlia.com.br\/wp-content\/uploads\/2024\/02\/Capa2.png 1920w, https:\/\/antlia.com.br\/wp-content\/uploads\/2024\/02\/Capa2-300x169.png 300w, https:\/\/antlia.com.br\/wp-content\/uploads\/2024\/02\/Capa2-1024x576.png 1024w, https:\/\/antlia.com.br\/wp-content\/uploads\/2024\/02\/Capa2-768x432.png 768w, https:\/\/antlia.com.br\/wp-content\/uploads\/2024\/02\/Capa2-1536x864.png 1536w, https:\/\/antlia.com.br\/wp-content\/uploads\/2024\/02\/Capa2-18x10.png 18w\" sizes=\"(max-width: 1920px) 100vw, 1920px\" \/>\t\t\t\t\t\t\t\t<\/a>\n\t\t\t\t\t\t\t\t\t\t\t\t\t\t\t<\/div>\n\t\t\t\t<\/div>\n\t\t\t\t\t<\/div>\n\t\t<\/div>\n\t\t\t\t\t<\/div>\n\t\t<\/section>\n\t\t\t\t\t<\/div>\n\t\t<\/div>\n\t\t\t\t\t<\/div>\n\t\t<\/section>\n\t\t\t\t<section class=\"elementor-section elementor-top-section elementor-element elementor-element-4108032 elementor-section-boxed elementor-section-height-default elementor-section-height-default\" data-id=\"4108032\" data-element_type=\"section\" data-e-type=\"section\" data-settings=\"{&quot;jet_parallax_layout_list&quot;:[]}\">\n\t\t\t\t\t\t<div class=\"elementor-container elementor-column-gap-default\">\n\t\t\t\t\t<div class=\"elementor-column elementor-col-100 elementor-top-column elementor-element elementor-element-b13d739\" data-id=\"b13d739\" data-element_type=\"column\" data-e-type=\"column\">\n\t\t\t<div class=\"elementor-widget-wrap elementor-element-populated\">\n\t\t\t\t\t\t<div class=\"elementor-element elementor-element-19a21a2 elementor-widget elementor-widget-text-editor\" data-id=\"19a21a2\" data-element_type=\"widget\" data-e-type=\"widget\" data-widget_type=\"text-editor.default\">\n\t\t\t\t<div class=\"elementor-widget-container\">\n\t\t\t\t\t\t\t\t\t<h5 style=\"text-align: center;\"><span style=\"color: #333399;\">Utilize o formul\u00e1rio abaixo para enviar todas as suas d\u00favidas sobre Ler e Dort. Enviaremos este conte\u00fado previamente para a palestrante. Assim ela poder\u00e1 respond\u00ea-las durante a <a href=\"https:\/\/www.youtube.com\/watch?v=kmpW3_uu3gw\">live.<\/a><\/span><\/h5>\t\t\t\t\t\t\t\t<\/div>\n\t\t\t\t<\/div>\n\t\t\t\t<div class=\"elementor-element elementor-element-d96b55f elementor-button-align-stretch elementor-widget elementor-widget-form\" data-id=\"d96b55f\" data-element_type=\"widget\" data-e-type=\"widget\" data-settings=\"{&quot;step_next_label&quot;:&quot;Pr\\u00f3ximo&quot;,&quot;step_previous_label&quot;:&quot;Anterior&quot;,&quot;button_width&quot;:&quot;100&quot;,&quot;step_type&quot;:&quot;number_text&quot;,&quot;step_icon_shape&quot;:&quot;circle&quot;}\" data-widget_type=\"form.default\">\n\t\t\t\t<div class=\"elementor-widget-container\">\n\t\t\t\t\t\t\t<form class=\"elementor-form\" method=\"post\" name=\"Novo formul\u00e1rio\" aria-label=\"Novo formul\u00e1rio\" action=\"\">\n\t\t\t<input type=\"hidden\" name=\"post_id\" value=\"5589\"\/>\n\t\t\t<input type=\"hidden\" name=\"form_id\" value=\"d96b55f\"\/>\n\t\t\t<input type=\"hidden\" name=\"referer_title\" value=\"Live - Ler e Dort - Antlia\" \/>\n\n\t\t\t\t\t\t\t<input type=\"hidden\" name=\"queried_id\" value=\"5589\"\/>\n\t\t\t\n\t\t\t<div class=\"elementor-form-fields-wrapper elementor-labels-above\">\n\t\t\t\t\t\t\t\t<div class=\"elementor-field-type-text elementor-field-group elementor-column elementor-field-group-field_ee3e7ed elementor-col-100\">\n\t\t\t\t\t\t\t\t\t\t\t\t\t<input size=\"1\" type=\"text\" name=\"form_fields[field_ee3e7ed]\" id=\"form-field-field_ee3e7ed\" class=\"elementor-field elementor-size-sm  elementor-field-textual\" placeholder=\"Name\">\n\t\t\t\t\t\t\t\t\t\t\t<\/div>\n\t\t\t\t\t\t\t\t<div class=\"elementor-field-type-email elementor-field-group elementor-column elementor-field-group-email elementor-col-100 elementor-field-required\">\n\t\t\t\t\t\t\t\t\t\t\t\t\t<input size=\"1\" type=\"email\" name=\"form_fields[email]\" id=\"form-field-email\" class=\"elementor-field elementor-size-sm  elementor-field-textual\" placeholder=\"E-mail\" required=\"required\">\n\t\t\t\t\t\t\t\t\t\t\t<\/div>\n\t\t\t\t\t\t\t\t<div class=\"elementor-field-type-textarea elementor-field-group elementor-column elementor-field-group-message elementor-col-100\">\n\t\t\t\t\t<textarea class=\"elementor-field-textual elementor-field  elementor-size-sm\" name=\"form_fields[message]\" id=\"form-field-message\" rows=\"4\" placeholder=\"Ecreva aqui suas d\u00favidas sobre LER e DORT\"><\/textarea>\t\t\t\t<\/div>\n\t\t\t\t\t\t\t\t<div class=\"elementor-field-group elementor-column elementor-field-type-submit elementor-col-100 e-form__buttons\">\n\t\t\t\t\t<button class=\"elementor-button elementor-size-sm\" type=\"submit\">\n\t\t\t\t\t\t<span class=\"elementor-button-content-wrapper\">\n\t\t\t\t\t\t\t\t\t\t\t\t\t\t\t\t\t\t\t\t\t\t<span class=\"elementor-button-text\">Submit<\/span>\n\t\t\t\t\t\t\t\t\t\t\t\t\t<\/span>\n\t\t\t\t\t<\/button>\n\t\t\t\t<\/div>\n\t\t\t<\/div>\n\t\t<input type=\"hidden\" name=\"trp-form-language\" value=\"en\"\/><\/form>\n\t\t\t\t\t\t<\/div>\n\t\t\t\t<\/div>\n\t\t\t\t\t<\/div>\n\t\t<\/div>\n\t\t\t\t\t<\/div>\n\t\t<\/section>\n\t\t\t\t<\/div>","protected":false},"excerpt":{"rendered":"<p>Utilize o formul\u00e1rio abaixo para enviar todas as suas d\u00favidas sobre Ler e Dort. Enviaremos este conte\u00fado previamente para a palestrante. Assim ela poder\u00e1 respond\u00ea-las durante a live.<\/p>","protected":false},"author":3,"featured_media":0,"parent":0,"menu_order":0,"comment_status":"closed","ping_status":"closed","template":"elementor_header_footer","meta":{"_jet_sm_ready_style":"","_jet_sm_style":"","_jet_sm_controls_values":"","_jet_sm_fonts_collection":"","_jet_sm_fonts_links":"","footnotes":""},"class_list":["post-5589","page","type-page","status-publish","hentry"],"yoast_head":"<!-- This site is optimized with the Yoast SEO plugin v27.4 - https:\/\/yoast.com\/product\/yoast-seo-wordpress\/ -->\n<title>Live - Ler e Dort - Antlia<\/title>\n<meta name=\"description\" content=\"Live - Ler e Dort - Antlia. Agende uma reuni\u00e3o\" \/>\n<meta name=\"robots\" content=\"index, follow, max-snippet:-1, max-image-preview:large, max-video-preview:-1\" \/>\n<link rel=\"canonical\" href=\"https:\/\/antlia.com.br\/en\/live-ler-e-dort\/\" \/>\n<meta property=\"og:locale\" content=\"en_US\" \/>\n<meta property=\"og:type\" content=\"article\" \/>\n<meta property=\"og:title\" content=\"Live - Ler e Dort - Antlia\" \/>\n<meta property=\"og:description\" content=\"Live - Ler e Dort - Antlia. Agende uma reuni\u00e3o\" \/>\n<meta property=\"og:url\" content=\"https:\/\/antlia.com.br\/en\/live-ler-e-dort\/\" \/>\n<meta property=\"og:site_name\" content=\"Antlia\" \/>\n<meta property=\"article:publisher\" content=\"https:\/\/www.facebook.com\/antlia.consultoriaetecnologia\/\" \/>\n<meta property=\"article:modified_time\" content=\"2024-02-23T19:27:15+00:00\" \/>\n<meta property=\"og:image\" content=\"https:\/\/antlia.com.br\/wp-content\/uploads\/2024\/02\/Capa2.png\" \/>\n<meta name=\"twitter:card\" content=\"summary_large_image\" \/>\n<script type=\"application\/ld+json\" class=\"yoast-schema-graph\">{\"@context\":\"https:\\\/\\\/schema.org\",\"@graph\":[{\"@type\":\"WebPage\",\"@id\":\"https:\\\/\\\/antlia.com.br\\\/live-ler-e-dort\",\"url\":\"https:\\\/\\\/antlia.com.br\\\/live-ler-e-dort\",\"name\":\"Live - Ler e Dort - Antlia\",\"isPartOf\":{\"@id\":\"https:\\\/\\\/antlia.com.br\\\/en\\\/#website\"},\"primaryImageOfPage\":{\"@id\":\"https:\\\/\\\/antlia.com.br\\\/live-ler-e-dort#primaryimage\"},\"image\":{\"@id\":\"https:\\\/\\\/antlia.com.br\\\/live-ler-e-dort#primaryimage\"},\"thumbnailUrl\":\"https:\\\/\\\/antlia.com.br\\\/wp-content\\\/uploads\\\/2024\\\/02\\\/Capa2.png\",\"datePublished\":\"2024-02-21T18:36:07+00:00\",\"dateModified\":\"2024-02-23T19:27:15+00:00\",\"description\":\"Live - Ler e Dort - Antlia. Agende uma reuni\u00e3o\",\"breadcrumb\":{\"@id\":\"https:\\\/\\\/antlia.com.br\\\/live-ler-e-dort#breadcrumb\"},\"inLanguage\":\"en-US\",\"potentialAction\":[{\"@type\":\"ReadAction\",\"target\":[\"https:\\\/\\\/antlia.com.br\\\/live-ler-e-dort\"]}]},{\"@type\":\"ImageObject\",\"inLanguage\":\"en-US\",\"@id\":\"https:\\\/\\\/antlia.com.br\\\/live-ler-e-dort#primaryimage\",\"url\":\"https:\\\/\\\/antlia.com.br\\\/wp-content\\\/uploads\\\/2024\\\/02\\\/Capa2.png\",\"contentUrl\":\"https:\\\/\\\/antlia.com.br\\\/wp-content\\\/uploads\\\/2024\\\/02\\\/Capa2.png\"},{\"@type\":\"BreadcrumbList\",\"@id\":\"https:\\\/\\\/antlia.com.br\\\/live-ler-e-dort#breadcrumb\",\"itemListElement\":[{\"@type\":\"ListItem\",\"position\":1,\"name\":\"In\u00edcio\",\"item\":\"https:\\\/\\\/antlia.com.br\\\/\"},{\"@type\":\"ListItem\",\"position\":2,\"name\":\"Live &#8211; Ler e Dort\"}]},{\"@type\":\"WebSite\",\"@id\":\"https:\\\/\\\/antlia.com.br\\\/en\\\/#website\",\"url\":\"https:\\\/\\\/antlia.com.br\\\/en\\\/\",\"name\":\"Antlia\",\"description\":\"Desenvolvimento de Software e Gamifica\u00e7\u00e3o\",\"publisher\":{\"@id\":\"https:\\\/\\\/antlia.com.br\\\/en\\\/#organization\"},\"potentialAction\":[{\"@type\":\"SearchAction\",\"target\":{\"@type\":\"EntryPoint\",\"urlTemplate\":\"https:\\\/\\\/antlia.com.br\\\/en\\\/?s={search_term_string}\"},\"query-input\":{\"@type\":\"PropertyValueSpecification\",\"valueRequired\":true,\"valueName\":\"search_term_string\"}}],\"inLanguage\":\"en-US\"},{\"@type\":\"Organization\",\"@id\":\"https:\\\/\\\/antlia.com.br\\\/en\\\/#organization\",\"name\":\"Antlia \u2013 Desenvolvimento de Software e Gamifica\u00e7\u00e3o\",\"url\":\"https:\\\/\\\/antlia.com.br\\\/en\\\/\",\"logo\":{\"@type\":\"ImageObject\",\"inLanguage\":\"en-US\",\"@id\":\"https:\\\/\\\/antlia.com.br\\\/en\\\/#\\\/schema\\\/logo\\\/image\\\/\",\"url\":\"https:\\\/\\\/antlia.com.br\\\/wp-content\\\/uploads\\\/2024\\\/05\\\/LOGO_VETOR-01.png\",\"contentUrl\":\"https:\\\/\\\/antlia.com.br\\\/wp-content\\\/uploads\\\/2024\\\/05\\\/LOGO_VETOR-01.png\",\"width\":3508,\"height\":2481,\"caption\":\"Antlia \u2013 Desenvolvimento de Software e Gamifica\u00e7\u00e3o\"},\"image\":{\"@id\":\"https:\\\/\\\/antlia.com.br\\\/en\\\/#\\\/schema\\\/logo\\\/image\\\/\"},\"sameAs\":[\"https:\\\/\\\/www.facebook.com\\\/antlia.consultoriaetecnologia\\\/\",\"https:\\\/\\\/www.linkedin.com\\\/company\\\/antlia_2\\\/\"]}]}<\/script>\n<!-- \/ Yoast SEO plugin. -->","yoast_head_json":{"title":"Live - Ler e Dort - Antlia","description":"Live - Ler e Dort - Antlia. Agende uma reuni\u00e3o","robots":{"index":"index","follow":"follow","max-snippet":"max-snippet:-1","max-image-preview":"max-image-preview:large","max-video-preview":"max-video-preview:-1"},"canonical":"https:\/\/antlia.com.br\/en\/live-ler-e-dort\/","og_locale":"en_US","og_type":"article","og_title":"Live - Ler e Dort - Antlia","og_description":"Live - Ler e Dort - Antlia. Agende uma reuni\u00e3o","og_url":"https:\/\/antlia.com.br\/en\/live-ler-e-dort\/","og_site_name":"Antlia","article_publisher":"https:\/\/www.facebook.com\/antlia.consultoriaetecnologia\/","article_modified_time":"2024-02-23T19:27:15+00:00","og_image":[{"url":"https:\/\/antlia.com.br\/wp-content\/uploads\/2024\/02\/Capa2.png","type":"","width":"","height":""}],"twitter_card":"summary_large_image","schema":{"@context":"https:\/\/schema.org","@graph":[{"@type":"WebPage","@id":"https:\/\/antlia.com.br\/live-ler-e-dort","url":"https:\/\/antlia.com.br\/live-ler-e-dort","name":"Live - Ler e Dort - Antlia","isPartOf":{"@id":"https:\/\/antlia.com.br\/en\/#website"},"primaryImageOfPage":{"@id":"https:\/\/antlia.com.br\/live-ler-e-dort#primaryimage"},"image":{"@id":"https:\/\/antlia.com.br\/live-ler-e-dort#primaryimage"},"thumbnailUrl":"https:\/\/antlia.com.br\/wp-content\/uploads\/2024\/02\/Capa2.png","datePublished":"2024-02-21T18:36:07+00:00","dateModified":"2024-02-23T19:27:15+00:00","description":"Live - Ler e Dort - Antlia. Agende uma reuni\u00e3o","breadcrumb":{"@id":"https:\/\/antlia.com.br\/live-ler-e-dort#breadcrumb"},"inLanguage":"en-US","potentialAction":[{"@type":"ReadAction","target":["https:\/\/antlia.com.br\/live-ler-e-dort"]}]},{"@type":"ImageObject","inLanguage":"en-US","@id":"https:\/\/antlia.com.br\/live-ler-e-dort#primaryimage","url":"https:\/\/antlia.com.br\/wp-content\/uploads\/2024\/02\/Capa2.png","contentUrl":"https:\/\/antlia.com.br\/wp-content\/uploads\/2024\/02\/Capa2.png"},{"@type":"BreadcrumbList","@id":"https:\/\/antlia.com.br\/live-ler-e-dort#breadcrumb","itemListElement":[{"@type":"ListItem","position":1,"name":"In\u00edcio","item":"https:\/\/antlia.com.br\/"},{"@type":"ListItem","position":2,"name":"Live &#8211; Ler e Dort"}]},{"@type":"WebSite","@id":"https:\/\/antlia.com.br\/en\/#website","url":"https:\/\/antlia.com.br\/en\/","name":"Antlia","description":"Desenvolvimento de Software e Gamifica\u00e7\u00e3o","publisher":{"@id":"https:\/\/antlia.com.br\/en\/#organization"},"potentialAction":[{"@type":"SearchAction","target":{"@type":"EntryPoint","urlTemplate":"https:\/\/antlia.com.br\/en\/?s={search_term_string}"},"query-input":{"@type":"PropertyValueSpecification","valueRequired":true,"valueName":"search_term_string"}}],"inLanguage":"en-US"},{"@type":"Organization","@id":"https:\/\/antlia.com.br\/en\/#organization","name":"Antlia \u2013 Desenvolvimento de Software e Gamifica\u00e7\u00e3o","url":"https:\/\/antlia.com.br\/en\/","logo":{"@type":"ImageObject","inLanguage":"en-US","@id":"https:\/\/antlia.com.br\/en\/#\/schema\/logo\/image\/","url":"https:\/\/antlia.com.br\/wp-content\/uploads\/2024\/05\/LOGO_VETOR-01.png","contentUrl":"https:\/\/antlia.com.br\/wp-content\/uploads\/2024\/05\/LOGO_VETOR-01.png","width":3508,"height":2481,"caption":"Antlia \u2013 Desenvolvimento de Software e Gamifica\u00e7\u00e3o"},"image":{"@id":"https:\/\/antlia.com.br\/en\/#\/schema\/logo\/image\/"},"sameAs":["https:\/\/www.facebook.com\/antlia.consultoriaetecnologia\/","https:\/\/www.linkedin.com\/company\/antlia_2\/"]}]}},"_links":{"self":[{"href":"https:\/\/antlia.com.br\/en\/wp-json\/wp\/v2\/pages\/5589","targetHints":{"allow":["GET"]}}],"collection":[{"href":"https:\/\/antlia.com.br\/en\/wp-json\/wp\/v2\/pages"}],"about":[{"href":"https:\/\/antlia.com.br\/en\/wp-json\/wp\/v2\/types\/page"}],"author":[{"embeddable":true,"href":"https:\/\/antlia.com.br\/en\/wp-json\/wp\/v2\/users\/3"}],"replies":[{"embeddable":true,"href":"https:\/\/antlia.com.br\/en\/wp-json\/wp\/v2\/comments?post=5589"}],"version-history":[{"count":0,"href":"https:\/\/antlia.com.br\/en\/wp-json\/wp\/v2\/pages\/5589\/revisions"}],"wp:attachment":[{"href":"https:\/\/antlia.com.br\/en\/wp-json\/wp\/v2\/media?parent=5589"}],"curies":[{"name":"wp","href":"https:\/\/api.w.org\/{rel}","templated":true}]}}